{"id":655,"date":"2021-05-06T14:04:09","date_gmt":"2021-05-06T13:04:09","guid":{"rendered":"https:\/\/forportil.pt\/sobre\/"},"modified":"2024-06-25T16:18:40","modified_gmt":"2024-06-25T15:18:40","slug":"about-us","status":"publish","type":"page","link":"https:\/\/forportil.pt\/en\/about-us\/","title":{"rendered":"About Us"},"content":{"rendered":"<p>[vc_row wrap_container=&#8221;yes&#8221; css=&#8221;.vc_custom_1620306785138{margin-top: 25px !important;}&#8221;][vc_column width=&#8221;1\/2&#8243;][vc_single_image image=&#8221;734&#8243; img_size=&#8221;full&#8221; label=&#8221;&#8221;][\/vc_column][vc_column width=&#8221;1\/2&#8243;][vc_column_text]<\/p>\n<h1>About Us<\/h1>\n<p>Founded in 1981, Forportil is a Portim\u00e3o-based official car dealership that sells the brands:<\/p>\n<ul>\n<li><a href=\"https:\/\/www.ford.forportil.pt\/\" target=\"_blank\" rel=\"noopener\">Ford \u2013 Forportil,<\/a> in Portim\u00e3o<\/li>\n<li><a href=\"https:\/\/carportil.com\/\" target=\"_blank\" rel=\"noopener\">Volkswagen \u2013 Carportil<\/a>, in Portim\u00e3o<\/li>\n<li><a href=\"https:\/\/alportil.com\/\" target=\"_blank\" rel=\"noopener\">Skoda \u2013 Alportil,<\/a> in Faro and Portim\u00e3o<\/li>\n<\/ul>\n<p>Forportil offers the entire new vehicle range for these brands, as well as a careful selection of used cars.<\/p>\n<p>Forportil also provides after-sales service in terms of maintenance, repair and spare parts for the brands Ford, Volkswagen, Skoda, Land Rover and Audi. Forportil\u2019s specialized technicians are happy to welcome you in easily accessible facilities, which are equipped with state-of-the-art tools for the best post-sales service.<\/p>\n<p>Forportil is a company of the FIAAL Group, which holds more than 80 years of experience in the automotive sector. FIAAL Group currently represents the brands Ford, Jaguar, Land Rover, Mazda, MG, Volkswagen, Volvo and Skoda in the Algarve.[\/vc_column_text][\/vc_column][\/vc_row]<\/p>\n","protected":false},"excerpt":{"rendered":"<p>[vc_row wrap_container=&#8221;yes&#8221; css=&#8221;.vc_custom_1620306785138{margin-top: 25px !important;}&#8221;][vc_column width=&#8221;1\/2&#8243;][vc_single_image image=&#8221;734&#8243; img_size=&#8221;full&#8221; label=&#8221;&#8221;][\/vc_column][vc_column width=&#8221;1\/2&#8243;][vc_column_text] About Us Founded in 1981, Forportil is a Portim\u00e3o-based official car dealership that sells the brands: Ford \u2013 Forportil, in Portim\u00e3o Volkswagen \u2013 Carportil, in Portim\u00e3o Skoda \u2013 Alportil, in Faro and Portim\u00e3o Forportil offers the entire new vehicle range for these brands, as well [&hellip;]<\/p>\n","protected":false},"author":1,"featured_media":0,"parent":0,"menu_order":0,"comment_status":"closed","ping_status":"closed","template":"","meta":{"footnotes":""},"class_list":["post-655","page","type-page","status-publish","hentry"],"yoast_head":"<!-- This site is optimized with the Yoast SEO plugin v25.1 - https:\/\/yoast.com\/wordpress\/plugins\/seo\/ -->\n<title>Forportil - Conhe\u00e7a a hist\u00f3ria sobre a Forportil Portim\u00e3o<\/title>\n<meta name=\"description\" content=\"Forportil is a company of the FIAAL Group, which has 80 years of experience in the automotive sector. FIAAL Group currently represents the...\" \/>\n<meta name=\"robots\" content=\"index, follow, max-snippet:-1, max-image-preview:large, max-video-preview:-1\" \/>\n<link rel=\"canonical\" href=\"https:\/\/forportil.pt\/sobre\/\" \/>\n<meta property=\"og:locale\" content=\"en_US\" \/>\n<meta property=\"og:type\" content=\"article\" \/>\n<meta property=\"og:title\" content=\"Forportil - Conhe\u00e7a a hist\u00f3ria sobre a Forportil Portim\u00e3o\" \/>\n<meta property=\"og:description\" content=\"Forportil is a company of the FIAAL Group, which has 80 years of experience in the automotive sector. FIAAL Group currently represents the...\" \/>\n<meta property=\"og:url\" content=\"https:\/\/forportil.pt\/sobre\/\" \/>\n<meta property=\"og:site_name\" content=\"Forportil\" \/>\n<meta property=\"article:modified_time\" content=\"2024-06-25T15:18:40+00:00\" \/>\n<meta name=\"twitter:card\" content=\"summary_large_image\" \/>\n<meta name=\"twitter:label1\" content=\"Est. reading time\" \/>\n\t<meta name=\"twitter:data1\" content=\"1 minute\" \/>\n<script type=\"application\/ld+json\" class=\"yoast-schema-graph\">{\"@context\":\"https:\/\/schema.org\",\"@graph\":[{\"@type\":\"WebPage\",\"@id\":\"https:\/\/forportil.pt\/sobre\/\",\"url\":\"https:\/\/forportil.pt\/sobre\/\",\"name\":\"Forportil - Conhe\u00e7a a hist\u00f3ria sobre a Forportil Portim\u00e3o\",\"isPartOf\":{\"@id\":\"https:\/\/forportil.pt\/#website\"},\"datePublished\":\"2021-05-06T13:04:09+00:00\",\"dateModified\":\"2024-06-25T15:18:40+00:00\",\"description\":\"Forportil is a company of the FIAAL Group, which has 80 years of experience in the automotive sector. FIAAL Group currently represents the...\",\"breadcrumb\":{\"@id\":\"https:\/\/forportil.pt\/sobre\/#breadcrumb\"},\"inLanguage\":\"en-US\",\"potentialAction\":[{\"@type\":\"ReadAction\",\"target\":[\"https:\/\/forportil.pt\/sobre\/\"]}]},{\"@type\":\"BreadcrumbList\",\"@id\":\"https:\/\/forportil.pt\/sobre\/#breadcrumb\",\"itemListElement\":[{\"@type\":\"ListItem\",\"position\":1,\"name\":\"In\u00edcio\",\"item\":\"https:\/\/forportil.pt\/en\/\"},{\"@type\":\"ListItem\",\"position\":2,\"name\":\"About Us\"}]},{\"@type\":\"WebSite\",\"@id\":\"https:\/\/forportil.pt\/#website\",\"url\":\"https:\/\/forportil.pt\/\",\"name\":\"Forportil\",\"description\":\"Ford, Volkswagen, Skoda, Audi, Mazda, Land Rover\",\"publisher\":{\"@id\":\"https:\/\/forportil.pt\/#organization\"},\"potentialAction\":[{\"@type\":\"SearchAction\",\"target\":{\"@type\":\"EntryPoint\",\"urlTemplate\":\"https:\/\/forportil.pt\/?s={search_term_string}\"},\"query-input\":{\"@type\":\"PropertyValueSpecification\",\"valueRequired\":true,\"valueName\":\"search_term_string\"}}],\"inLanguage\":\"en-US\"},{\"@type\":\"Organization\",\"@id\":\"https:\/\/forportil.pt\/#organization\",\"name\":\"Forportil\",\"url\":\"https:\/\/forportil.pt\/\",\"logo\":{\"@type\":\"ImageObject\",\"inLanguage\":\"en-US\",\"@id\":\"https:\/\/forportil.pt\/#\/schema\/logo\/image\/\",\"url\":\"https:\/\/forportil.pt\/wp-content\/uploads\/2021\/05\/forportil-logo.jpg\",\"contentUrl\":\"https:\/\/forportil.pt\/wp-content\/uploads\/2021\/05\/forportil-logo.jpg\",\"width\":162,\"height\":22,\"caption\":\"Forportil\"},\"image\":{\"@id\":\"https:\/\/forportil.pt\/#\/schema\/logo\/image\/\"}}]}<\/script>\n<!-- \/ Yoast SEO plugin. -->","yoast_head_json":{"title":"Forportil - Conhe\u00e7a a hist\u00f3ria sobre a Forportil Portim\u00e3o","description":"Forportil is a company of the FIAAL Group, which has 80 years of experience in the automotive sector. FIAAL Group currently represents the...","robots":{"index":"index","follow":"follow","max-snippet":"max-snippet:-1","max-image-preview":"max-image-preview:large","max-video-preview":"max-video-preview:-1"},"canonical":"https:\/\/forportil.pt\/sobre\/","og_locale":"en_US","og_type":"article","og_title":"Forportil - Conhe\u00e7a a hist\u00f3ria sobre a Forportil Portim\u00e3o","og_description":"Forportil is a company of the FIAAL Group, which has 80 years of experience in the automotive sector. FIAAL Group currently represents the...","og_url":"https:\/\/forportil.pt\/sobre\/","og_site_name":"Forportil","article_modified_time":"2024-06-25T15:18:40+00:00","twitter_card":"summary_large_image","twitter_misc":{"Est. reading time":"1 minute"},"schema":{"@context":"https:\/\/schema.org","@graph":[{"@type":"WebPage","@id":"https:\/\/forportil.pt\/sobre\/","url":"https:\/\/forportil.pt\/sobre\/","name":"Forportil - Conhe\u00e7a a hist\u00f3ria sobre a Forportil Portim\u00e3o","isPartOf":{"@id":"https:\/\/forportil.pt\/#website"},"datePublished":"2021-05-06T13:04:09+00:00","dateModified":"2024-06-25T15:18:40+00:00","description":"Forportil is a company of the FIAAL Group, which has 80 years of experience in the automotive sector. FIAAL Group currently represents the...","breadcrumb":{"@id":"https:\/\/forportil.pt\/sobre\/#breadcrumb"},"inLanguage":"en-US","potentialAction":[{"@type":"ReadAction","target":["https:\/\/forportil.pt\/sobre\/"]}]},{"@type":"BreadcrumbList","@id":"https:\/\/forportil.pt\/sobre\/#breadcrumb","itemListElement":[{"@type":"ListItem","position":1,"name":"In\u00edcio","item":"https:\/\/forportil.pt\/en\/"},{"@type":"ListItem","position":2,"name":"About Us"}]},{"@type":"WebSite","@id":"https:\/\/forportil.pt\/#website","url":"https:\/\/forportil.pt\/","name":"Forportil","description":"Ford, Volkswagen, Skoda, Audi, Mazda, Land Rover","publisher":{"@id":"https:\/\/forportil.pt\/#organization"},"potentialAction":[{"@type":"SearchAction","target":{"@type":"EntryPoint","urlTemplate":"https:\/\/forportil.pt\/?s={search_term_string}"},"query-input":{"@type":"PropertyValueSpecification","valueRequired":true,"valueName":"search_term_string"}}],"inLanguage":"en-US"},{"@type":"Organization","@id":"https:\/\/forportil.pt\/#organization","name":"Forportil","url":"https:\/\/forportil.pt\/","logo":{"@type":"ImageObject","inLanguage":"en-US","@id":"https:\/\/forportil.pt\/#\/schema\/logo\/image\/","url":"https:\/\/forportil.pt\/wp-content\/uploads\/2021\/05\/forportil-logo.jpg","contentUrl":"https:\/\/forportil.pt\/wp-content\/uploads\/2021\/05\/forportil-logo.jpg","width":162,"height":22,"caption":"Forportil"},"image":{"@id":"https:\/\/forportil.pt\/#\/schema\/logo\/image\/"}}]}},"_links":{"self":[{"href":"https:\/\/forportil.pt\/en\/wp-json\/wp\/v2\/pages\/655","targetHints":{"allow":["GET"]}}],"collection":[{"href":"https:\/\/forportil.pt\/en\/wp-json\/wp\/v2\/pages"}],"about":[{"href":"https:\/\/forportil.pt\/en\/wp-json\/wp\/v2\/types\/page"}],"author":[{"embeddable":true,"href":"https:\/\/forportil.pt\/en\/wp-json\/wp\/v2\/users\/1"}],"replies":[{"embeddable":true,"href":"https:\/\/forportil.pt\/en\/wp-json\/wp\/v2\/comments?post=655"}],"version-history":[{"count":0,"href":"https:\/\/forportil.pt\/en\/wp-json\/wp\/v2\/pages\/655\/revisions"}],"wp:attachment":[{"href":"https:\/\/forportil.pt\/en\/wp-json\/wp\/v2\/media?parent=655"}],"curies":[{"name":"wp","href":"https:\/\/api.w.org\/{rel}","templated":true}]}}