{"id":659,"date":"2021-05-03T18:32:33","date_gmt":"2021-05-03T17:32:33","guid":{"rendered":"https:\/\/forportil.pt\/contactos\/"},"modified":"2024-06-25T16:22:39","modified_gmt":"2024-06-25T15:22:39","slug":"contacts","status":"publish","type":"page","link":"https:\/\/forportil.pt\/en\/contacts\/","title":{"rendered":"Contacts"},"content":{"rendered":"<p>[vc_row wrap_container=&#8221;yes&#8221; css=&#8221;.vc_custom_1624010409044{margin-top: 25px !important;margin-bottom: 25px !important;}&#8221;][vc_column width=&#8221;1\/2&#8243;][vc_gmaps link=&#8221;#E-8_JTNDaWZyYW1lJTIwc3JjJTNEJTIyaHR0cHMlM0ElMkYlMkZ3d3cuZ29vZ2xlLmNvbSUyRm1hcHMlMkZlbWJlZCUzRnBiJTNEJTIxMW0xOCUyMTFtMTIlMjExbTMlMjExZDg5OTYuNTU4Nzk5Njk4MjIxJTIxMmQtOC41NTc4NjE4MzEyNTAyOTYlMjEzZDM3LjEzNDUzMjQ5NTE0MjYxJTIxMm0zJTIxMWYwJTIxMmYwJTIxM2YwJTIxM20yJTIxMWkxMDI0JTIxMmk3NjglMjE0ZjEzLjElMjEzbTMlMjExbTIlMjExczB4ZDFiMjhjN2VjMDU3NmJmJTI1M0EweDk2NmEyZmE2MjU5ZmY2YTUlMjEyc0ZvcnBvcnRpbCUyNTIwLSUyNTIwQ29tJTI1QzMlMjVBOXJjaW8lMjUyMERlJTI1MjBBdXRvbSUyNUMzJTI1QjN2ZWlzJTI1MjBFJTI1MjBUcmFjdG9yZXMlMjUyQyUyNTIwTGRhJTIxNWUwJTIxM20yJTIxMXNwdC1QVCUyMTJzcHQlMjE0djE2MjAyMDQxNjU1ODQlMjE1bTIlMjExc3B0LVBUJTIxMnNwdCUyMiUyMHdpZHRoJTNEJTIyNjAwJTIyJTIwaGVpZ2h0JTNEJTIyNDUwJTIyJTIwc3R5bGUlM0QlMjJib3JkZXIlM0EwJTNCJTIyJTIwYWxsb3dmdWxsc2NyZWVuJTNEJTIyJTIyJTIwbG9hZGluZyUzRCUyMmxhenklMjIlM0UlM0MlMkZpZnJhbWUlM0U=&#8221;][\/vc_column][vc_column width=&#8221;1\/2&#8243;][vc_column_text css=&#8221;.vc_custom_1719328956511{margin-bottom: 25px !important;}&#8221;]<\/p>\n<h1 style=\"text-align: left;\">Contacts<\/h1>\n<p><span style=\"font-size: 20px;\"><strong>Forportil<\/strong> &#8211; Com\u00e9rcio de Autom\u00f3veis e Tractores, Lda.<\/span>[\/vc_column_text]<div class=\"porto-sicon-box  wpb_custom_1efe903570d178ff0a9b7bfa5febd3a4 style_1 default-icon\"><div class=\"porto-sicon-default\"><div class=\"porto-just-icon-wrapper porto-icon none\" style=\"color:#002a7a;font-size:15px;\"><i class=\"fas fa-map-marker-alt\"><\/i><\/div><\/div><div class=\"porto-sicon-header\"><h3 class=\"porto-sicon-title\" style=\"font-size:15px;\">Estrada de Alvor, 8500-316 Portim\u00e3o<\/h3><\/div> <!-- header --><\/div><!-- porto-sicon-box --><a class=\"porto-sicon-box-link\" href=\"tel:+351%20282%20410%20660\" title='Call Now!'><div class=\"porto-sicon-box  wpb_custom_aeeca448663a0ebfcff24e74a3e7f0db style_1 default-icon\"><div class=\"porto-sicon-default\"><div class=\"porto-just-icon-wrapper porto-icon none\" style=\"color:#002a7a;font-size:15px;\"><i class=\"fas fa-phone\"><\/i><\/div><\/div><div class=\"porto-sicon-header\"><h3 class=\"porto-sicon-title\" style=\"font-size:15px;\">282 410 660<\/h3><p>Landline call rates apply<\/p><\/div> <!-- header --><\/div><!-- porto-sicon-box --><\/a><a class=\"porto-sicon-box-link\" href=\"mailto:forportil@forportil.pt\" title='Enviar email'><div class=\"porto-sicon-box  wpb_custom_1efe903570d178ff0a9b7bfa5febd3a4 style_1 default-icon\"><div class=\"porto-sicon-default\"><div class=\"porto-just-icon-wrapper porto-icon none\" style=\"color:#002a7a;font-size:15px;\"><i class=\"far fa-envelope\"><\/i><\/div><\/div><div class=\"porto-sicon-header\"><h3 class=\"porto-sicon-title\" style=\"font-size:15px;\">forportil@forportil.pt<\/h3><\/div> <!-- header --><\/div><!-- porto-sicon-box --><\/a>[vc_column_text css=&#8221;.vc_custom_1626694407890{margin-top: 50px !important;}&#8221;]<\/p>\n<h1 style=\"text-align: left;\">Social Media<\/h1>\n<p>[\/vc_column_text][vc_column_text]<strong>FORPORTIL &#8211; FORD<\/strong>:\u00a0 \u00a0<a href=\"https:\/\/www.facebook.com\/forportilford\" target=\"_blank\" rel=\"noopener\">facebook<\/a><br \/>\n<strong>CARPORTIL &#8211; VW<\/strong>:\u00a0 \u00a0<a href=\"https:\/\/www.facebook.com\/carportil\/\" target=\"_blank\" rel=\"noopener\">facebook\u00a0 \u00a0<\/a>|\u00a0 \u00a0<a href=\"https:\/\/www.instagram.com\/carportil_volkswagen\/\" target=\"_blank\" rel=\"noopener\">instagram<\/a><br \/>\n<strong>ALPORTIL &#8211; SKODA<\/strong>:\u00a0 \u00a0<a href=\"https:\/\/www.facebook.com\/alportilskoda\" target=\"_blank\" rel=\"noopener\">facebook\u00a0 \u00a0<\/a>|\u00a0 \u00a0<a href=\"https:\/\/www.instagram.com\/alportil_skoda\/\" target=\"_blank\" rel=\"noopener\">instagram<\/a><br \/>\n<strong>SULPORTIL &#8211; AUDI<\/strong>:\u00a0 \u00a0<a href=\"https:\/\/www.facebook.com\/sulportil\" target=\"_blank\" rel=\"noopener\">facebook<\/a>[\/vc_column_text][\/vc_column][\/vc_row][vc_row][vc_column][vc_column_text css=&#8221;.vc_custom_1626694452290{margin-bottom: 25px !important;padding-top: 10px !important;padding-right: 10px !important;padding-bottom: 10px !important;padding-left: 10px !important;background-color: #eaeaea !important;}&#8221;]<\/p>\n<p style=\"text-align: center;\">Forportil is a member of the Centro de Arbitragem do Setor Autom\u00f3vel, <a href=\"https:\/\/www.arbitragemauto.pt\/\" target=\"_blank\" rel=\"noopener\">www.arbitragemauto.pt<\/a> based in Av. da Rep\u00fablica, 44-3\u00ba Esq., 1050-194 Lisboa.<\/p>\n<p>[\/vc_column_text][vc_column_text]<\/p>\n<p style=\"text-align: center;\"><strong>Forportil<\/strong> makes <a href=\"https:\/\/www.livroreclamacoes.pt\/inicio\" target=\"_blank\" rel=\"noopener\">Livro de Reclama\u00e7\u00f5es Eletr\u00f3nico<\/a> available to its customers.<\/p>\n<p>[\/vc_column_text][\/vc_column][\/vc_row]<\/p>\n","protected":false},"excerpt":{"rendered":"<p>[vc_row wrap_container=&#8221;yes&#8221; css=&#8221;.vc_custom_1624010409044{margin-top: 25px !important;margin-bottom: 25px !important;}&#8221;][vc_column width=&#8221;1\/2&#8243;][vc_gmaps link=&#8221;#E-8_JTNDaWZyYW1lJTIwc3JjJTNEJTIyaHR0cHMlM0ElMkYlMkZ3d3cuZ29vZ2xlLmNvbSUyRm1hcHMlMkZlbWJlZCUzRnBiJTNEJTIxMW0xOCUyMTFtMTIlMjExbTMlMjExZDg5OTYuNTU4Nzk5Njk4MjIxJTIxMmQtOC41NTc4NjE4MzEyNTAyOTYlMjEzZDM3LjEzNDUzMjQ5NTE0MjYxJTIxMm0zJTIxMWYwJTIxMmYwJTIxM2YwJTIxM20yJTIxMWkxMDI0JTIxMmk3NjglMjE0ZjEzLjElMjEzbTMlMjExbTIlMjExczB4ZDFiMjhjN2VjMDU3NmJmJTI1M0EweDk2NmEyZmE2MjU5ZmY2YTUlMjEyc0ZvcnBvcnRpbCUyNTIwLSUyNTIwQ29tJTI1QzMlMjVBOXJjaW8lMjUyMERlJTI1MjBBdXRvbSUyNUMzJTI1QjN2ZWlzJTI1MjBFJTI1MjBUcmFjdG9yZXMlMjUyQyUyNTIwTGRhJTIxNWUwJTIxM20yJTIxMXNwdC1QVCUyMTJzcHQlMjE0djE2MjAyMDQxNjU1ODQlMjE1bTIlMjExc3B0LVBUJTIxMnNwdCUyMiUyMHdpZHRoJTNEJTIyNjAwJTIyJTIwaGVpZ2h0JTNEJTIyNDUwJTIyJTIwc3R5bGUlM0QlMjJib3JkZXIlM0EwJTNCJTIyJTIwYWxsb3dmdWxsc2NyZWVuJTNEJTIyJTIyJTIwbG9hZGluZyUzRCUyMmxhenklMjIlM0UlM0MlMkZpZnJhbWUlM0U=&#8221;][\/vc_column][vc_column width=&#8221;1\/2&#8243;][vc_column_text css=&#8221;.vc_custom_1719328956511{margin-bottom: 25px !important;}&#8221;] Contacts Forportil &#8211; Com\u00e9rcio de Autom\u00f3veis e Tractores, Lda.[\/vc_column_text][vc_column_text css=&#8221;.vc_custom_1626694407890{margin-top: 50px !important;}&#8221;] Social Media [\/vc_column_text][vc_column_text]FORPORTIL &#8211; FORD:\u00a0 \u00a0facebook CARPORTIL &#8211; VW:\u00a0 \u00a0facebook\u00a0 \u00a0|\u00a0 \u00a0instagram ALPORTIL &#8211; SKODA:\u00a0 \u00a0facebook\u00a0 \u00a0|\u00a0 \u00a0instagram SULPORTIL &#8211; AUDI:\u00a0 \u00a0facebook[\/vc_column_text][\/vc_column][\/vc_row][vc_row][vc_column][vc_column_text css=&#8221;.vc_custom_1626694452290{margin-bottom: 25px !important;padding-top: 10px !important;padding-right: 10px !important;padding-bottom: 10px [&hellip;]<\/p>\n","protected":false},"author":1,"featured_media":0,"parent":0,"menu_order":0,"comment_status":"closed","ping_status":"closed","template":"","meta":{"footnotes":""},"class_list":["post-659","page","type-page","status-publish","hentry"],"yoast_head":"<!-- This site is optimized with the Yoast SEO plugin v25.1 - https:\/\/yoast.com\/wordpress\/plugins\/seo\/ -->\n<title>Contacts - Forportil<\/title>\n<meta name=\"description\" content=\"Contacts Forportil\" \/>\n<meta name=\"robots\" content=\"index, follow, max-snippet:-1, max-image-preview:large, max-video-preview:-1\" \/>\n<link rel=\"canonical\" href=\"https:\/\/forportil.pt\/en\/contacts\/\" \/>\n<meta property=\"og:locale\" content=\"en_US\" \/>\n<meta property=\"og:type\" content=\"article\" \/>\n<meta property=\"og:title\" content=\"Contacts - Forportil\" \/>\n<meta property=\"og:description\" content=\"Contacts Forportil\" \/>\n<meta property=\"og:url\" content=\"https:\/\/forportil.pt\/en\/contacts\/\" \/>\n<meta property=\"og:site_name\" content=\"Forportil\" \/>\n<meta property=\"article:modified_time\" content=\"2024-06-25T15:22:39+00:00\" \/>\n<meta name=\"twitter:card\" content=\"summary_large_image\" \/>\n<meta name=\"twitter:label1\" content=\"Est. reading time\" \/>\n\t<meta name=\"twitter:data1\" content=\"1 minute\" \/>\n<script type=\"application\/ld+json\" class=\"yoast-schema-graph\">{\"@context\":\"https:\/\/schema.org\",\"@graph\":[{\"@type\":\"WebPage\",\"@id\":\"https:\/\/forportil.pt\/en\/contacts\/\",\"url\":\"https:\/\/forportil.pt\/en\/contacts\/\",\"name\":\"Contacts - Forportil\",\"isPartOf\":{\"@id\":\"https:\/\/forportil.pt\/#website\"},\"datePublished\":\"2021-05-03T17:32:33+00:00\",\"dateModified\":\"2024-06-25T15:22:39+00:00\",\"description\":\"Contacts Forportil\",\"breadcrumb\":{\"@id\":\"https:\/\/forportil.pt\/en\/contacts\/#breadcrumb\"},\"inLanguage\":\"en-US\",\"potentialAction\":[{\"@type\":\"ReadAction\",\"target\":[\"https:\/\/forportil.pt\/en\/contacts\/\"]}]},{\"@type\":\"BreadcrumbList\",\"@id\":\"https:\/\/forportil.pt\/en\/contacts\/#breadcrumb\",\"itemListElement\":[{\"@type\":\"ListItem\",\"position\":1,\"name\":\"In\u00edcio\",\"item\":\"https:\/\/forportil.pt\/en\/\"},{\"@type\":\"ListItem\",\"position\":2,\"name\":\"Contacts\"}]},{\"@type\":\"WebSite\",\"@id\":\"https:\/\/forportil.pt\/#website\",\"url\":\"https:\/\/forportil.pt\/\",\"name\":\"Forportil\",\"description\":\"Ford, Volkswagen, Skoda, Audi, Mazda, Land Rover\",\"publisher\":{\"@id\":\"https:\/\/forportil.pt\/#organization\"},\"potentialAction\":[{\"@type\":\"SearchAction\",\"target\":{\"@type\":\"EntryPoint\",\"urlTemplate\":\"https:\/\/forportil.pt\/?s={search_term_string}\"},\"query-input\":{\"@type\":\"PropertyValueSpecification\",\"valueRequired\":true,\"valueName\":\"search_term_string\"}}],\"inLanguage\":\"en-US\"},{\"@type\":\"Organization\",\"@id\":\"https:\/\/forportil.pt\/#organization\",\"name\":\"Forportil\",\"url\":\"https:\/\/forportil.pt\/\",\"logo\":{\"@type\":\"ImageObject\",\"inLanguage\":\"en-US\",\"@id\":\"https:\/\/forportil.pt\/#\/schema\/logo\/image\/\",\"url\":\"https:\/\/forportil.pt\/wp-content\/uploads\/2021\/05\/forportil-logo.jpg\",\"contentUrl\":\"https:\/\/forportil.pt\/wp-content\/uploads\/2021\/05\/forportil-logo.jpg\",\"width\":162,\"height\":22,\"caption\":\"Forportil\"},\"image\":{\"@id\":\"https:\/\/forportil.pt\/#\/schema\/logo\/image\/\"}}]}<\/script>\n<!-- \/ Yoast SEO plugin. -->","yoast_head_json":{"title":"Contacts - Forportil","description":"Contacts Forportil","robots":{"index":"index","follow":"follow","max-snippet":"max-snippet:-1","max-image-preview":"max-image-preview:large","max-video-preview":"max-video-preview:-1"},"canonical":"https:\/\/forportil.pt\/en\/contacts\/","og_locale":"en_US","og_type":"article","og_title":"Contacts - Forportil","og_description":"Contacts Forportil","og_url":"https:\/\/forportil.pt\/en\/contacts\/","og_site_name":"Forportil","article_modified_time":"2024-06-25T15:22:39+00:00","twitter_card":"summary_large_image","twitter_misc":{"Est. reading time":"1 minute"},"schema":{"@context":"https:\/\/schema.org","@graph":[{"@type":"WebPage","@id":"https:\/\/forportil.pt\/en\/contacts\/","url":"https:\/\/forportil.pt\/en\/contacts\/","name":"Contacts - Forportil","isPartOf":{"@id":"https:\/\/forportil.pt\/#website"},"datePublished":"2021-05-03T17:32:33+00:00","dateModified":"2024-06-25T15:22:39+00:00","description":"Contacts Forportil","breadcrumb":{"@id":"https:\/\/forportil.pt\/en\/contacts\/#breadcrumb"},"inLanguage":"en-US","potentialAction":[{"@type":"ReadAction","target":["https:\/\/forportil.pt\/en\/contacts\/"]}]},{"@type":"BreadcrumbList","@id":"https:\/\/forportil.pt\/en\/contacts\/#breadcrumb","itemListElement":[{"@type":"ListItem","position":1,"name":"In\u00edcio","item":"https:\/\/forportil.pt\/en\/"},{"@type":"ListItem","position":2,"name":"Contacts"}]},{"@type":"WebSite","@id":"https:\/\/forportil.pt\/#website","url":"https:\/\/forportil.pt\/","name":"Forportil","description":"Ford, Volkswagen, Skoda, Audi, Mazda, Land Rover","publisher":{"@id":"https:\/\/forportil.pt\/#organization"},"potentialAction":[{"@type":"SearchAction","target":{"@type":"EntryPoint","urlTemplate":"https:\/\/forportil.pt\/?s={search_term_string}"},"query-input":{"@type":"PropertyValueSpecification","valueRequired":true,"valueName":"search_term_string"}}],"inLanguage":"en-US"},{"@type":"Organization","@id":"https:\/\/forportil.pt\/#organization","name":"Forportil","url":"https:\/\/forportil.pt\/","logo":{"@type":"ImageObject","inLanguage":"en-US","@id":"https:\/\/forportil.pt\/#\/schema\/logo\/image\/","url":"https:\/\/forportil.pt\/wp-content\/uploads\/2021\/05\/forportil-logo.jpg","contentUrl":"https:\/\/forportil.pt\/wp-content\/uploads\/2021\/05\/forportil-logo.jpg","width":162,"height":22,"caption":"Forportil"},"image":{"@id":"https:\/\/forportil.pt\/#\/schema\/logo\/image\/"}}]}},"_links":{"self":[{"href":"https:\/\/forportil.pt\/en\/wp-json\/wp\/v2\/pages\/659","targetHints":{"allow":["GET"]}}],"collection":[{"href":"https:\/\/forportil.pt\/en\/wp-json\/wp\/v2\/pages"}],"about":[{"href":"https:\/\/forportil.pt\/en\/wp-json\/wp\/v2\/types\/page"}],"author":[{"embeddable":true,"href":"https:\/\/forportil.pt\/en\/wp-json\/wp\/v2\/users\/1"}],"replies":[{"embeddable":true,"href":"https:\/\/forportil.pt\/en\/wp-json\/wp\/v2\/comments?post=659"}],"version-history":[{"count":0,"href":"https:\/\/forportil.pt\/en\/wp-json\/wp\/v2\/pages\/659\/revisions"}],"wp:attachment":[{"href":"https:\/\/forportil.pt\/en\/wp-json\/wp\/v2\/media?parent=659"}],"curies":[{"name":"wp","href":"https:\/\/api.w.org\/{rel}","templated":true}]}}